{"id":13089,"date":"2018-03-09T20:49:39","date_gmt":"2018-03-09T19:49:39","guid":{"rendered":"https:\/\/www.jens-oerter.de\/new_vis\/jo\/?page_id=13089"},"modified":"2018-05-21T15:51:58","modified_gmt":"2018-05-21T14:51:58","slug":"datenschutzerklaerung","status":"publish","type":"page","link":"https:\/\/www.jens-oerter.de\/new_vis\/jo\/impressum\/datenschutzerklaerung\/","title":{"rendered":"Datenschutzerkl\u00e4rung \u00bbAllgemein\u00ab"},"content":{"rendered":"<p><strong>\u00bbDatenschutzerkl\u00e4rung\u00ab<\/strong><\/p>\n<p>der rein privat genutzten Webseite von Jens Oerter. F\u00fcr Anfragen bez\u00fcglich des DSGVO nutze bitte folgende Adresse : <em>webmaster[at]jens-oerter.de<\/em><\/p>\n<p><strong>Datenschutz<\/strong><\/p>\n<p>Die Betreiber dieser Seiten nehmen&nbsp;den Schutz Ihrer pers\u00f6nlichen Daten sehr ernst. Wir behandeln Ihre personenbezogenen Daten&nbsp;vertraulich und entsprechend der gesetzlichen Datenschutzvorschriften sowie dieser&nbsp;Datenschutzerkl\u00e4rung.<\/p>\n<p>Die Nutzung unserer Website ist in der Regel ohne Angabe&nbsp;personenbezogener Daten m\u00f6glich. Soweit auf unseren Seiten personenbezogene Daten&nbsp;(beispielsweise Name, Anschrift oder E-Mail-Adressen) erhoben werden, erfolgt dies, soweit&nbsp;m\u00f6glich, stets auf freiwilliger Basis. Diese Daten werden ohne Ihre ausdr\u00fcckliche Zustimmung&nbsp;nicht an Dritte weitergegeben.<\/p>\n<p>Wir weisen darauf hin, dass die Daten\u00fcbertragung im Internet&nbsp;(z.B. bei der Kommunikation per E-Mail) Sicherheitsl\u00fccken aufweisen kann. Ein l\u00fcckenloser Schutz der Daten vor dem Zugriff durch Dritte ist nicht m\u00f6glich.<\/p>\n<p><strong>Cookies<\/strong><\/p>\n<p>Die Internetseiten verwenden teilweise so genannte Cookies. Cookies richten auf&nbsp;Ihrem Rechner keinen Schaden an und enthalten keine Viren. Cookies dienen dazu, unser Angebot&nbsp;nutzerfreundlicher, effektiver und sicherer zu machen. Cookies sind kleine Textdateien, die auf Ihrem&nbsp;Rechner abgelegt werden und die Ihr Browser speichert.<\/p>\n<p>Die meisten der von uns verwendeten&nbsp;Cookies sind so genannte \u201eSession-Cookies\u201c. Sie werden nach Ende Ihres Besuchs automatisch&nbsp;gel\u00f6scht. Andere Cookies bleiben&nbsp; auf Ihrem Endger\u00e4t gespeichert, bis Sie diese l\u00f6schen. Diese Cookies erm\u00f6glichen es uns, Ihren Browser beim n\u00e4chsten Besuch&nbsp;wiederzuerkennen.<\/p>\n<p>Sie k\u00f6nnen Ihren Browser so einstellen, dass Sie \u00fcber das Setzen&nbsp;von Cookies informiert werden und Cookies nur im Einzelfall erlauben, die Annahme von Cookies f\u00fcr&nbsp;bestimmte F\u00e4lle oder generell ausschlie\u00dfen sowie das automatische L\u00f6schen der<br \/>\nCookies beim Schlie\u00dfen des Browser aktivieren. Bei der Deaktivierung von Cookies kann die&nbsp;Funktionalit\u00e4t dieser Website eingeschr\u00e4nkt sein.<\/p>\n<p><strong>Server-Log-&nbsp;Files<\/strong><\/p>\n<p>Der Provider der Seiten erhebt und speichert automatisch Informationen in so genannten&nbsp;Server-Log Files, die Ihr Browser automatisch an uns \u00fcbermittelt. Dies sind:<\/p>\n<ul>\n<li>Browsertyp und Browserversion<\/li>\n<li>verwendetes Betriebssystem<\/li>\n<li>Referrer URL<\/li>\n<li>Hostname des zugreifenden Rechners<\/li>\n<li>Uhrzeit der Serveranfrage<\/li>\n<\/ul>\n<p>Diese Daten&nbsp;sind nicht bestimmten Personen zuordenbar. Eine Zusammenf\u00fchrung dieser Daten mit anderen&nbsp;Datenquellen wird nicht vorgenommen. Wir behalten uns vor, diese Daten nachtr\u00e4glich zu&nbsp;pr\u00fcfen, wenn uns konkrete Anhaltspunkte f\u00fcr eine rechtswidrige Nutzung bekannt&nbsp;werden.<\/p>\n<p><strong>Kontaktformular<\/strong><\/p>\n<p>Wenn Sie uns per Kontaktformular Anfragen&nbsp;zukommen lassen, werden Ihre Angaben aus dem Anfrageformular inklusive der von Ihnen dort&nbsp;angegebenen Kontaktdaten zwecks Bearbeitung der Anfrage und f\u00fcr den Fall von Anschlussfragen&nbsp;bei uns gespeichert. Diese Daten geben wir nicht ohne Ihre Einwilligung weiter.<br \/>\nKommentarfunktion auf dieser Website<br \/>\nF\u00fcr die Kommentarfunktion auf dieser Seite&nbsp;werden neben Ihrem Kommentar auch Angaben zum Zeitpunkt der Erstellung des Kommentars, Ihre EMail-Adresse und, wenn Sie nicht anonym posten, der von Ihnen gew\u00e4hlte Nutzername&nbsp;gespeichert.<\/p>\n<p><strong>Speicherung der IP Adresse<\/strong><\/p>\n<p>Unsere Kommentarfunktion&nbsp;speichert die IP-Adressen der Nutzer, die Kommentare verfassen. Da wir Kommentare auf unserer Seite&nbsp;nicht vor der Freischaltung pr\u00fcfen, ben\u00f6tigen wir diese Daten, um im Falle von&nbsp;Rechtsverletzungen wie Beleidigungen oder Propaganda gegen den Verfasser vorgehen zu&nbsp;k\u00f6nnen.<\/p>\n<p><strong>SSL-Verschl\u00fcsselung<\/strong><\/p>\n<p>Diese Seite nutzt aus&nbsp;Gr\u00fcnden der Sicherheit und zum Schutz der \u00dcbertragung vertraulicher Inhalte, wie zum&nbsp;Beispiel der Anfragen, die Sie an uns als Seitenbetreiber senden, eine SSL-Verschl\u00fcsselung. Eine&nbsp;verschl\u00fcsselte Verbindung erkennen Sie daran, dass die Adresszeile des Browsers von&nbsp;&#8222;http:\/\/&#8220; auf &#8222;https:\/\/&#8220; wechselt und an dem Schloss-Symbol in Ihrer&nbsp;Browserzeile.<\/p>\n<p>Wenn die SSL Verschl\u00fcsselung aktiviert ist, k\u00f6nnen die Daten, die Sie&nbsp;an uns \u00fcbermitteln, nicht von Dritten mitgelesen werden.<\/p>\n<p><strong>Recht auf&nbsp;Auskunft, L\u00f6schung, Sperrung<\/strong><\/p>\n<p>Sie haben jederzeit das Recht auf unentgeltliche Auskunft&nbsp;\u00fcber Ihre gespeicherten personenbezogenen Daten, deren Herkunft und Empf\u00e4nger und den&nbsp;Zweck der Datenverarbeitung sowie ein Recht auf Berichtigung, Sperrung oder L\u00f6schung dieser<br \/>\nDaten. Hierzu sowie zu weiteren Fragen zum Thema personenbezogene Daten k\u00f6nnen Sie sich&nbsp;jederzeit unter der im Impressum angegebenen Adresse an uns wenden.<\/p>\n<p><em>Quelle:<\/em><br \/>\n<a href=\"https:\/\/www.eRecht24.de\" target=\"_blank\" rel=\"noopener\">eRecht24.de<\/a><\/p>\n","protected":false},"excerpt":{"rendered":"<p>\u00bbDatenschutzerkl\u00e4rung\u00ab der rein privat genutzten Webseite von Jens Oerter. F\u00fcr Anfragen bez\u00fcglich des DSGVO nutze bitte folgende Adresse : webmaster[at]jens-oerter.de Datenschutz Die Betreiber dieser Seiten nehmen&nbsp;den Schutz Ihrer pers\u00f6nlichen Daten sehr ernst. Wir behandeln Ihre personenbezogenen Daten&nbsp;vertraulich und entsprechend der &hellip; <a href=\"https:\/\/www.jens-oerter.de\/new_vis\/jo\/impressum\/datenschutzerklaerung\/\">Weiterlesen <span class=\"meta-nav\">&rarr;<\/span><\/a><\/p>\n","protected":false},"author":2,"featured_media":0,"parent":30,"menu_order":0,"comment_status":"closed","ping_status":"closed","template":"","meta":{"ngg_post_thumbnail":0,"footnotes":""},"class_list":["post-13089","page","type-page","status-publish","hentry"],"aioseo_notices":[],"_links":{"self":[{"href":"https:\/\/www.jens-oerter.de\/new_vis\/jo\/wp-json\/wp\/v2\/pages\/13089","targetHints":{"allow":["GET"]}}],"collection":[{"href":"https:\/\/www.jens-oerter.de\/new_vis\/jo\/wp-json\/wp\/v2\/pages"}],"about":[{"href":"https:\/\/www.jens-oerter.de\/new_vis\/jo\/wp-json\/wp\/v2\/types\/page"}],"author":[{"embeddable":true,"href":"https:\/\/www.jens-oerter.de\/new_vis\/jo\/wp-json\/wp\/v2\/users\/2"}],"replies":[{"embeddable":true,"href":"https:\/\/www.jens-oerter.de\/new_vis\/jo\/wp-json\/wp\/v2\/comments?post=13089"}],"version-history":[{"count":0,"href":"https:\/\/www.jens-oerter.de\/new_vis\/jo\/wp-json\/wp\/v2\/pages\/13089\/revisions"}],"up":[{"embeddable":true,"href":"https:\/\/www.jens-oerter.de\/new_vis\/jo\/wp-json\/wp\/v2\/pages\/30"}],"wp:attachment":[{"href":"https:\/\/www.jens-oerter.de\/new_vis\/jo\/wp-json\/wp\/v2\/media?parent=13089"}],"curies":[{"name":"wp","href":"https:\/\/api.w.org\/{rel}","templated":true}]}}