{"id":132,"date":"2009-03-01T19:15:56","date_gmt":"2009-03-01T18:15:56","guid":{"rendered":"http:\/\/localhost\/new_vis\/jo\/?page_id=132"},"modified":"2018-03-09T21:07:28","modified_gmt":"2018-03-09T20:07:28","slug":"hobby","status":"publish","type":"page","link":"https:\/\/www.jens-oerter.de\/new_vis\/jo\/hobby\/","title":{"rendered":"Hobby"},"content":{"rendered":"<p>&nbsp;<\/p>\n<table class=\"arial_klein1\" style=\"height: 835px;\" border=\"0\" width=\"584\" align=\"center\" bgcolor=\"White\">\n<tbody>\n<tr>\n<td class=\"arial_uebers1\" style=\"background-image: url('\/new_vis\/allg_pics\/background_si.jpg'); background-repeat: no-repeat; background-position: center;\" valign=\"top\" bgcolor=\"White\" width=\"84%\" height=\"449\">\n<table style=\"height: 341px;\" border=\"0\" width=\"722\">\n<tbody>\n<tr>\n<td colspan=\"4\" height=\"38\"><span class=\"arial_uebersb1\"><br \/>\n<\/span><\/td>\n<\/tr>\n<tr class=\"arial_uebers1\">\n<td width=\"9\" height=\"44\">&nbsp;<\/td>\n<td class=\"arial_uebersb1\" valign=\"top\" width=\"92\"><strong>Niederdielfen<\/strong><\/td>\n<td valign=\"top\" width=\"449\">Viele Informationen Informationen zu dem kleinen Ort Niederdielfen sowie seine Umgebung<br \/>\nGemeinde Wilnsdorf, Siegen, Siegerland und SauerlandNiederdielfen liegt etwa sechs Kilometer ost-s\u00fcd\u00f6stlich von <a title=\"Siegen\" href=\"http:\/\/de.wikipedia.org\/wiki\/Siegen\">Siegen<\/a> bzw. rund zwei Kilometer s\u00fcd\u00f6stlich von dessen Stadtteil Kaan-Marienborn (je <a title=\"Luftlinie\" href=\"http:\/\/de.wikipedia.org\/wiki\/Luftlinie\">Luftlinie<\/a>). Der Ort befindet sich an der Einm\u00fcndung der drei Kilometer langen <em>Dielfe<\/em> in die <a title=\"Wei\u00df (Sieg)\" href=\"http:\/\/de.wikipedia.org\/wiki\/Wei%C3%9F_%28Sieg%29\">Wei\u00df<\/a>. Die Dielfe, die Namensgeber f\u00fcr Nieder- und Oberdielfen ist, entspringt am Fu\u00df des H\u00f6hw\u00e4ldchens, einem Ausl\u00e4ufer des Hoheroth (<span style=\"border-width: 0px; margin: 0px; padding: 0px;\">451 m \u00fc. <a title=\"Normalnull\" href=\"http:\/\/de.wikipedia.org\/wiki\/Normalnull\">NN<\/a><\/span>). Niederdielfen liegt zwischen 290 m \u00fc. NN (Ortsausgang Niederdielfen, Kl\u00e4ranlage) und 350 m \u00fc. NN im Mittel. Kleinster Nachbarort ist <a title=\"Oberdielfen\" href=\"http:\/\/de.wikipedia.org\/wiki\/Oberdielfen\">Oberdielfen<\/a>, ein weiteres kleines Nachbardorf ist <a title=\"Flammersbach\" href=\"http:\/\/de.wikipedia.org\/wiki\/Flammersbach\">Flammersbach<\/a>.<br \/>\nNiederdielfen hat fast 3000 Einwohner und eine Fl\u00e4che von 5,84 Quadratkilometern.In Niederdielfen sind ein Kindergarten, eine Grundschule und eine Realschule (Realschule Wilnsdorf) angesiedelt. Dar\u00fcber hinaus gibt es ein Seniorenwohn- und Pflegeheim mit Tages- und Kurzzeitpflege sowie ein Angebot des betreuten Wohnens. Gr\u00f6\u00dfter Arbeitgeber sind die Siegenia-Aubi KG (Beschlag- und L\u00fcftungstechnik) sowie das Wei\u00dftalwerk (Stahlhoch- und Stahlleichtbauten und Verkehrsbauten und Krananlagen).<\/td>\n<td width=\"34\">&nbsp;<\/td>\n<\/tr>\n<tr class=\"arial_uebers1\">\n<td height=\"31\">&nbsp;<\/td>\n<td class=\"arial_uebersb1\" valign=\"top\"><strong>Foto<\/strong><\/td>\n<td valign=\"top\">Digitales Fotographieren,<br \/>\nErstellen von Panoramabilder ,<br \/>\nTips und Tricks f\u00fcr richtiges Drucken \/ Scannen ,<br \/>\nFotoabz\u00fcge im Internet , viele Links zu Fotoseiten<br \/>\nFotographie beim Bergwandern bzw. Hochtouren \/ Klettern<br \/>\nHDR Fotografie (High Dynamic Range)<\/td>\n<td>&nbsp;<\/td>\n<\/tr>\n<\/tbody>\n<\/table>\n<\/td>\n<\/tr>\n<\/tbody>\n<\/table>\n","protected":false},"excerpt":{"rendered":"<p>&nbsp; &nbsp; Niederdielfen Viele Informationen Informationen zu dem kleinen Ort Niederdielfen sowie seine Umgebung Gemeinde Wilnsdorf, Siegen, Siegerland und SauerlandNiederdielfen liegt etwa sechs Kilometer ost-s\u00fcd\u00f6stlich von Siegen bzw. rund zwei Kilometer s\u00fcd\u00f6stlich von dessen Stadtteil Kaan-Marienborn (je Luftlinie). Der Ort &hellip; <a href=\"https:\/\/www.jens-oerter.de\/new_vis\/jo\/hobby\/\">Weiterlesen <span class=\"meta-nav\">&rarr;<\/span><\/a><\/p>\n","protected":false},"author":2,"featured_media":0,"parent":0,"menu_order":3,"comment_status":"open","ping_status":"open","template":"","meta":{"ngg_post_thumbnail":0,"footnotes":""},"class_list":["post-132","page","type-page","status-publish","hentry"],"aioseo_notices":[],"_links":{"self":[{"href":"https:\/\/www.jens-oerter.de\/new_vis\/jo\/wp-json\/wp\/v2\/pages\/132","targetHints":{"allow":["GET"]}}],"collection":[{"href":"https:\/\/www.jens-oerter.de\/new_vis\/jo\/wp-json\/wp\/v2\/pages"}],"about":[{"href":"https:\/\/www.jens-oerter.de\/new_vis\/jo\/wp-json\/wp\/v2\/types\/page"}],"author":[{"embeddable":true,"href":"https:\/\/www.jens-oerter.de\/new_vis\/jo\/wp-json\/wp\/v2\/users\/2"}],"replies":[{"embeddable":true,"href":"https:\/\/www.jens-oerter.de\/new_vis\/jo\/wp-json\/wp\/v2\/comments?post=132"}],"version-history":[{"count":0,"href":"https:\/\/www.jens-oerter.de\/new_vis\/jo\/wp-json\/wp\/v2\/pages\/132\/revisions"}],"wp:attachment":[{"href":"https:\/\/www.jens-oerter.de\/new_vis\/jo\/wp-json\/wp\/v2\/media?parent=132"}],"curies":[{"name":"wp","href":"https:\/\/api.w.org\/{rel}","templated":true}]}}