{"id":16,"date":"2009-02-21T17:49:14","date_gmt":"2009-02-21T16:49:14","guid":{"rendered":"http:\/\/localhost\/new_vis\/jo\/?page_id=16"},"modified":"2011-11-12T20:26:16","modified_gmt":"2011-11-12T19:26:16","slug":"uber-freak","status":"publish","type":"page","link":"https:\/\/www.jens-oerter.de\/new_vis\/jo\/ueber-mich\/uber-freak\/","title":{"rendered":"\u00dcber einen Computer Freak"},"content":{"rendered":"<table>\n<tbody>\n<tr>\n<td><span class=\"arial_uebersb1\">Hier gibt\u00b4s einen kleinen \u00dcberblick \u00fcber mich und meine Computerzeit ! <\/span><\/p>\n<p class=\"arial_uebers1\" align=\"justify\">Im Jahr des Herrn 1983 kaufte ich mir von meinem hart mit Ferienjobs verdienten Geld einen Schneider CPC6128 incl. 3&#8243; Disk und Gr\u00fcnmonitor zum Preis von 1200 DM (aber schon 4MHz &#8211; wau!) die Diskettenpreise zu dieser Zeit lagen bei 16,50 pro Disk doppel seitig 360kb in diesen Jahren wurde viel gespielt, gebastelt und auch schon programmiert. BASIC war angesagt und f\u00fcr die n\u00f6tigen Assembler B\u00fccher musste ich mir damals noch einen Bibliotheksausweiss der UNI holen &#8211; die Zeit verging nach wildem gepeek\u00e9 und gepok\u00e9 kaufte ich mir dann 1988 einem Amiga 500 der schon 7Mhz und ein 3,5&#8243; Disk LW beinhaltete &#8211; f\u00fcr 390 DM gab es eine 512kb Speicherweiterung und ein 5,25&#8243; Disk LW f\u00fcr 280 DM &#8211; die sch\u00f6ne Zeit der Amiga SZENE begann &gt; am Anfang wurde wie immer beim spielen Erfahrungen gesammelt &#8211; als erstes wurde per GFA Basic programmiert, dabei erkannte man schnell die Vorteile von Assembler die auf dem 68k fast schon einer Hochsprache \u00e4hnelte. Es wurden kleine Tools programmiert und danach begannen wir mit Demos (GFX und Musix Demos) es wurde gecoppert und geblittert was das Zeug h\u00e4lt (e. Blitter &amp; Copper sind GFX CoProzessoren des Amiga\u00b4s) &#8211; 2 Jahre sp\u00e4ter holte ich mir einem Amiga 2000 die n\u00f6tige 70 MB RodimeSCSI Festplatte kostete 1100DM zus\u00e4tzlich wurde dann noch ein A3000 UX angeschaft mit 16MB Ram 340 MB HD Retina GFX 4MB&#8230;. (ja &#8230; das waren die besten Computerjahre) leider ging Commodore in Konkurs und der Amiga war zu Tode verurteilt &#8211; schade man vermisst die saubere Assembler Programmierung coole Copyparty usw. &#8211; (wenn die Sterne gut stehen soll ja im Jahr 200x(4) ?! ein neuer Amiga bzw. Amiga OS 4 das Licht der Welt erblicken ?!) Ja nach der Amiga Area obwohl die ist ja nicht vorbei (ich besitze noch alle Ger\u00e4te &#8211; und zwar voll Funktionsf\u00e4hig) begann die Zeit des PC\u00b4s 486\/66 , P90 , K6233 &#8211; K6-3 500 &#8230; Athlons XP\u00b4s usw. zur Zeit sind 7 PC und 2 Amigas in meinem kleinen Computerraum vernetzt aufgereiht via Linux, Windows, BeOS(ZetaOS) und AmigaOS &#8211; Internet Gateway (incl. Firewall) Proxy, EMail Server &#8211; Windows Server mit Apache Webserver &#8230;. testen , t\u00fcfteln ausprobieren, programmieren in VB (leider) , PHP, HTML, JAVAscript (mysql) ist mein heutiges Gesch\u00e4ft manche halten mich f\u00fcr Verr\u00fcckt &#8211; ja das bin ich doch auch aber ich bin nicht allein &#8230; alle die sich sch\u00f6n sehr fr\u00fch mit Amiga , Atari oder den Dosen richtig besch\u00e4ftigt haben (weg vom gambling-:)) sind so &#8211; DAS macht einem richtigen FREAK aus und ich bin stolz drauf !<\/p>\n<p>bis denne Jens<\/td>\n<\/tr>\n<\/tbody>\n<\/table>\n","protected":false},"excerpt":{"rendered":"<p>Hier gibt\u00b4s einen kleinen \u00dcberblick \u00fcber mich und meine Computerzeit ! Im Jahr des Herrn 1983 kaufte ich mir von meinem hart mit Ferienjobs verdienten Geld einen Schneider CPC6128 incl. 3&#8243; Disk und Gr\u00fcnmonitor zum Preis von 1200 DM (aber &hellip; <a href=\"https:\/\/www.jens-oerter.de\/new_vis\/jo\/ueber-mich\/uber-freak\/\">Weiterlesen <span class=\"meta-nav\">&rarr;<\/span><\/a><\/p>\n","protected":false},"author":2,"featured_media":0,"parent":2,"menu_order":0,"comment_status":"open","ping_status":"open","template":"","meta":{"ngg_post_thumbnail":0,"footnotes":""},"class_list":["post-16","page","type-page","status-publish","hentry"],"aioseo_notices":[],"_links":{"self":[{"href":"https:\/\/www.jens-oerter.de\/new_vis\/jo\/wp-json\/wp\/v2\/pages\/16","targetHints":{"allow":["GET"]}}],"collection":[{"href":"https:\/\/www.jens-oerter.de\/new_vis\/jo\/wp-json\/wp\/v2\/pages"}],"about":[{"href":"https:\/\/www.jens-oerter.de\/new_vis\/jo\/wp-json\/wp\/v2\/types\/page"}],"author":[{"embeddable":true,"href":"https:\/\/www.jens-oerter.de\/new_vis\/jo\/wp-json\/wp\/v2\/users\/2"}],"replies":[{"embeddable":true,"href":"https:\/\/www.jens-oerter.de\/new_vis\/jo\/wp-json\/wp\/v2\/comments?post=16"}],"version-history":[{"count":0,"href":"https:\/\/www.jens-oerter.de\/new_vis\/jo\/wp-json\/wp\/v2\/pages\/16\/revisions"}],"up":[{"embeddable":true,"href":"https:\/\/www.jens-oerter.de\/new_vis\/jo\/wp-json\/wp\/v2\/pages\/2"}],"wp:attachment":[{"href":"https:\/\/www.jens-oerter.de\/new_vis\/jo\/wp-json\/wp\/v2\/media?parent=16"}],"curies":[{"name":"wp","href":"https:\/\/api.w.org\/{rel}","templated":true}]}}