{"id":170,"date":"2009-03-01T21:10:28","date_gmt":"2009-03-01T20:10:28","guid":{"rendered":"http:\/\/localhost\/new_vis\/jo\/?page_id=170"},"modified":"2018-03-04T18:55:12","modified_gmt":"2018-03-04T17:55:12","slug":"dav-hochtourengruppe","status":"publish","type":"page","link":"https:\/\/www.jens-oerter.de\/new_vis\/jo\/projekte\/dav-hochtourengruppe\/","title":{"rendered":"DAV (Hochtouren)"},"content":{"rendered":"<p><a href=\"https:\/\/www.jens-oerter.de\/new_vis\/allg_pics\/hiking\/stubaieralpen\/siegerlandhuette.jpg\" rel=\"lightbox[170]\"><img loading=\"lazy\" decoding=\"async\" class=\"alignnone size-medium\" src=\"https:\/\/www.jens-oerter.de\/new_vis\/allg_pics\/hiking\/stubaieralpen\/siegerlandhuette.jpg\" width=\"310\" height=\"150\"><\/a><\/p>\n<p><img loading=\"lazy\" decoding=\"async\" class=\"alignnone size-medium\" src=\"https:\/\/www.jens-oerter.de\/new_vis\/allg_pics\/hiking\/dav_htg.jpg\" width=\"250\" height=\"129\"><\/p>\n<p><strong>Daniel Achenbach<\/strong><br \/>\nGruppenleitung<br \/>\n<em>daniel@dav-siegerland.de<\/em><\/p>\n<p>Ein Gletscher ist eine vorwiegend aus <a title=\"Schnee\" href=\"http:\/\/de.wikipedia.org\/wiki\/Schnee\">Schnee<\/a> hervorgegangene Eismasse, die sich aufgrund von Hangneigung, Struktur des Eises, Temperatur und der aus der Masse des Eises und den anderen Faktoren hervorgehenden Schubspannung eigenst\u00e4ndig bewegt.Gletscher sind die gr\u00f6\u00dften S\u00fc\u00dfwasserspeicher der Welt und nach den Ozeanen die gr\u00f6\u00dften Wasserspeicher der Erde \u00fcberhaupt und bedecken in den Polargebieten gro\u00dfe Teile der Landfl\u00e4chen. Daher sind Gletscher auch bedeutend als Wasserzulieferer f\u00fcr viele Flusssysteme und haben entscheidenden Einfluss auf das Weltklima.Gletscher sind auch bedeutende Landschaftsformer, insbesondere in den <a title=\"Eiszeitalter\" href=\"http:\/\/de.wikipedia.org\/wiki\/Eiszeitalter\">Kaltzeiten<\/a> des <a title=\"Pleistoz\u00e4n\" href=\"http:\/\/de.wikipedia.org\/wiki\/Pleistoz%C3%A4n\">Pleistoz\u00e4ns<\/a>, in welchen auf der Nordhalbkugel Inlandeismassen bis in das n\u00f6rdliche Mitteleuropa hineinreichten. Die Gletscher der Alpen, die in den Kaltzeiten sogar bis ins Alpenvorland vorsto\u00dfen konnten, formten gewaltige Trogt\u00e4ler und pr\u00e4gen die Landschaft bis heute.Die Gletscher wecken die Faszination an den Hochtouren. Beeindruckend, Gewaltig und Gef\u00e4hrlich schl\u00e4ngeln sie sich von den h\u00f6chsten Gipfeln zu Tale.Sie hinterlassen kleine Seeen, massige Steinhalden und glattgeschliffene Felsen. Wen einmal in h\u00f6hen \u00fcber 3000m vorgedrungen ist wird meist von dem Hochtourenvirus gepackt und wird s\u00fcchtig.Wichtig bei diesen Touren sind die richtige Vorbereitung, Einsch\u00e4tzung der Gefahren, Wetterbeobachtung und die richtige Ausr\u00fcstung.&nbsp;<strong><a href=\"http:\/\/dav-siegerland.de\/unsere-gruppen\/hochtourengruppe.html\" target=\"_blank\" rel=\"noopener\">Hochtourenseite auf DAV-Siegerland.de<\/a><\/strong>&nbsp;&nbsp;<\/p>\n<p>Weitere Links Rund um Hochtouren und Bergsteigen<\/p>\n<table>\n<tbody>\n<tr>\n<td class=\"arial_uebers1\"><a href=\"http:\/\/www.kletterzentrum-siegerland.de\/\" target=\"_blank\" rel=\"noopener\">&nbsp;<\/a><\/td>\n<td class=\"arial_uebers1\"><a href=\"http:\/\/www.kletterzentrum-siegerland.de\/\" target=\"_blank\" rel=\"noopener\">kletterzentrum-siegerland.de<\/a><\/td>\n<td class=\"arial_uebers1\">Kletterhalle in Siegen<br \/>\n(etwas versteckt&nbsp;hinter dem alten Schlachthof)<\/td>\n<td class=\"arial_uebers1\">\n<div><img loading=\"lazy\" decoding=\"async\" src=\"\/new_vis\/allg_pics\/icon_star.gif\" alt=\"\" width=\"16\" height=\"16\"><\/div>\n<\/td>\n<td class=\"arial_uebers1\">\n<div><img loading=\"lazy\" decoding=\"async\" src=\"\/new_vis\/allg_pics\/icon_star.gif\" alt=\"\" width=\"16\" height=\"16\"><\/div>\n<\/td>\n<td class=\"arial_uebers1\">\n<div><img loading=\"lazy\" decoding=\"async\" src=\"\/new_vis\/allg_pics\/icon_star.gif\" alt=\"\" width=\"16\" height=\"16\"><\/div>\n<\/td>\n<td class=\"arial_uebers1\">\n<div><img loading=\"lazy\" decoding=\"async\" src=\"\/new_vis\/allg_pics\/icon_star.gif\" alt=\"\" width=\"16\" height=\"16\"><\/div>\n<\/td>\n<\/tr>\n<\/tbody>\n<tbody>\n<tr>\n<td class=\"arial_uebers1\" width=\"17\">&nbsp;<\/td>\n<td class=\"arial_uebers1\" width=\"129\"><a href=\"http:\/\/www.dav-felsinfo.de\" target=\"_blank\" rel=\"noopener\">dav-felsinfo.de<\/a><\/td>\n<td class=\"arial_uebers1\" width=\"328\">Informationen \u00fcber Klettergebiete und Felsbeschaffenheiten<\/td>\n<td class=\"arial_uebers1\" width=\"30\">\n<div><img loading=\"lazy\" decoding=\"async\" src=\"\/new_vis\/allg_pics\/icon_star.gif\" alt=\"\" width=\"16\" height=\"16\"><\/div>\n<\/td>\n<td class=\"arial_uebers1\" width=\"30\">\n<div><img loading=\"lazy\" decoding=\"async\" src=\"\/new_vis\/allg_pics\/icon_star.gif\" alt=\"\" width=\"16\" height=\"16\"><\/div>\n<\/td>\n<td class=\"arial_uebers1\" width=\"30\">\n<div><img loading=\"lazy\" decoding=\"async\" src=\"\/new_vis\/allg_pics\/icon_star.gif\" alt=\"\" width=\"16\" height=\"16\"><\/div>\n<\/td>\n<td class=\"arial_uebers1\" width=\"30\">\n<div><img loading=\"lazy\" decoding=\"async\" src=\"\/new_vis\/allg_pics\/icon_starg.gif\" alt=\"\" width=\"16\" height=\"16\"><\/div>\n<\/td>\n<\/tr>\n<tr>\n<td class=\"arial_uebers1\">&nbsp;<\/td>\n<td class=\"arial_uebers1\"><a href=\"http:\/\/www.canyon-chorweiler.de\" target=\"_blank\" rel=\"noopener\">canyon-chorweiler.de<\/a><\/td>\n<td class=\"arial_uebers1\">Kletterhalle in K\u00f6ln (Chorweiler)<\/td>\n<td class=\"arial_uebers1\">\n<div><img loading=\"lazy\" decoding=\"async\" src=\"\/new_vis\/allg_pics\/icon_star.gif\" alt=\"\" width=\"16\" height=\"16\"><\/div>\n<\/td>\n<td class=\"arial_uebers1\">\n<div><img loading=\"lazy\" decoding=\"async\" src=\"\/new_vis\/allg_pics\/icon_star.gif\" alt=\"\" width=\"16\" height=\"16\"><\/div>\n<\/td>\n<td class=\"arial_uebers1\">\n<div><img loading=\"lazy\" decoding=\"async\" src=\"\/new_vis\/allg_pics\/icon_star.gif\" alt=\"\" width=\"16\" height=\"16\"><\/div>\n<\/td>\n<td class=\"arial_uebers1\">\n<div><img loading=\"lazy\" decoding=\"async\" src=\"\/new_vis\/allg_pics\/icon_starg.gif\" alt=\"\" width=\"16\" height=\"16\"><\/div>\n<\/td>\n<\/tr>\n<tr>\n<td class=\"arial_uebers1\">&nbsp;<\/td>\n<td class=\"arial_uebers1\"><a href=\"http:\/\/www.chimpanzodome.de\" target=\"_blank\" rel=\"noopener\">chimpanzodome.de<\/a><\/td>\n<td class=\"arial_uebers1\">Kletterhalle in K\u00f6ln (Frechen)<\/td>\n<td class=\"arial_uebers1\">\n<div><img loading=\"lazy\" decoding=\"async\" src=\"\/new_vis\/allg_pics\/icon_star.gif\" alt=\"\" width=\"16\" height=\"16\"><\/div>\n<\/td>\n<td class=\"arial_uebers1\">\n<div><img loading=\"lazy\" decoding=\"async\" src=\"\/new_vis\/allg_pics\/icon_star.gif\" alt=\"\" width=\"16\" height=\"16\"><\/div>\n<\/td>\n<td class=\"arial_uebers1\">\n<div><img loading=\"lazy\" decoding=\"async\" src=\"\/new_vis\/allg_pics\/icon_star.gif\" alt=\"\" width=\"16\" height=\"16\"><\/div>\n<\/td>\n<td class=\"arial_uebers1\">\n<div><img loading=\"lazy\" decoding=\"async\" src=\"\/new_vis\/allg_pics\/icon_star.gif\" alt=\"\" width=\"16\" height=\"16\"><\/div>\n<\/td>\n<\/tr>\n<\/tbody>\n<\/table>\n<table border=\"0\" width=\"627\" cellspacing=\"3\" cellpadding=\"3\" bgcolor=\"White\">\n<tbody>\n<tr>\n<td colspan=\"3\" height=\"20\"><strong>Gruppenabende<\/strong>: letzen Freitag im Monat, in der Regel<br \/>\neinmal im Monat, jeweils um 19.30 Uhr im<br \/>\nSektionsheim Siegen (wenn nichts anderes vermerkt<br \/>\nist). Termine bitte genau beachten, Ausnahmen sind m\u00f6glich.<\/td>\n<\/tr>\n<\/tbody>\n<\/table>\n","protected":false},"excerpt":{"rendered":"<p>Daniel Achenbach Gruppenleitung daniel@dav-siegerland.de Ein Gletscher ist eine vorwiegend aus Schnee hervorgegangene Eismasse, die sich aufgrund von Hangneigung, Struktur des Eises, Temperatur und der aus der Masse des Eises und den anderen Faktoren hervorgehenden Schubspannung eigenst\u00e4ndig bewegt.Gletscher sind die gr\u00f6\u00dften &hellip; <a href=\"https:\/\/www.jens-oerter.de\/new_vis\/jo\/projekte\/dav-hochtourengruppe\/\">Weiterlesen <span class=\"meta-nav\">&rarr;<\/span><\/a><\/p>\n","protected":false},"author":2,"featured_media":0,"parent":156,"menu_order":0,"comment_status":"open","ping_status":"open","template":"","meta":{"ngg_post_thumbnail":0,"footnotes":""},"class_list":["post-170","page","type-page","status-publish","hentry"],"aioseo_notices":[],"_links":{"self":[{"href":"https:\/\/www.jens-oerter.de\/new_vis\/jo\/wp-json\/wp\/v2\/pages\/170","targetHints":{"allow":["GET"]}}],"collection":[{"href":"https:\/\/www.jens-oerter.de\/new_vis\/jo\/wp-json\/wp\/v2\/pages"}],"about":[{"href":"https:\/\/www.jens-oerter.de\/new_vis\/jo\/wp-json\/wp\/v2\/types\/page"}],"author":[{"embeddable":true,"href":"https:\/\/www.jens-oerter.de\/new_vis\/jo\/wp-json\/wp\/v2\/users\/2"}],"replies":[{"embeddable":true,"href":"https:\/\/www.jens-oerter.de\/new_vis\/jo\/wp-json\/wp\/v2\/comments?post=170"}],"version-history":[{"count":0,"href":"https:\/\/www.jens-oerter.de\/new_vis\/jo\/wp-json\/wp\/v2\/pages\/170\/revisions"}],"up":[{"embeddable":true,"href":"https:\/\/www.jens-oerter.de\/new_vis\/jo\/wp-json\/wp\/v2\/pages\/156"}],"wp:attachment":[{"href":"https:\/\/www.jens-oerter.de\/new_vis\/jo\/wp-json\/wp\/v2\/media?parent=170"}],"curies":[{"name":"wp","href":"https:\/\/api.w.org\/{rel}","templated":true}]}}