{"id":1930,"date":"2011-10-25T13:49:56","date_gmt":"2011-10-25T12:49:56","guid":{"rendered":"http:\/\/www.jens-oerter.de\/new_vis\/jo\/?page_id=1930"},"modified":"2015-01-11T18:16:52","modified_gmt":"2015-01-11T17:16:52","slug":"outdoor-%c2%bbgps%c2%ab","status":"publish","type":"page","link":"https:\/\/www.jens-oerter.de\/new_vis\/jo\/hobby\/outdoor-%c2%bbgps%c2%ab\/","title":{"rendered":"Outdoor \u00bbGPS\u00ab"},"content":{"rendered":"<p>Seit einigen Jahren besch\u00e4ftige ich mit mit <a title=\"Wiki GPS Informationen\" href=\"http:\/\/de.wikipedia.org\/wiki\/Global_Positioning_System\" target=\"_blank\">GPS &#8211; Global Position System<\/a>.<\/p>\n<p>2002 PDA Dell Axim x5 mit Haicom CF GPS Modul Outdoor Navigation via OZI Explorer und Stra\u00dfennavigation von Navigon<br \/>\n2008 Smartphone Sony Xperia X1 mit integriertem GPS \u00a0OZI Explorer, Navigon und Kompass Wanderkarten PDA<br \/>\n2008 Navigon 4350max<br \/>\n2010 Garmin 405cx als GPS Aufzeichungsger\u00e4t &#8211; ideal zum Laufen (Trainingscomputer)<br \/>\n2011 Garmin 62s inkl. 8GB Micro SD optimal zum Wandern und Biken (sehr robust)<\/p>\n<p>Das Garmin Ger\u00e4t ist wirklich sehr gut, jedoch ist die Software nicht so intuitiv zu bedienen wie z.B. OZI Explorer, trotzdem lassen sich Tracks einfach aufzeichnen und nachfahren(laufen). Das sch\u00f6ne an den neuen Outdoor Ger\u00e4ten von Garmin ist das sich jetzt auch andere Karten darstellen lassen. \u00a0Doch wie schon gesagt das H\u00e4ndling mit der Software PC\/Garmin Ger\u00e4t ist sehr gew\u00f6hnungsbed\u00fcrftig, so dass oft andere Tools benutzt werden m\u00fcssen.\u00a0Die recht neue Garmin Software \u00bbBasecamp\u00abgeht zwar schon in die richtige Richtung, jedoch ist das Trackhandling (Archivierung) so schlecht, das dieses Programm nur mal so zum anschauen als zum benutzen ist. Basecamp soll wohl mal der Nachfolger des veralteten Mapsource sein. Der\u00a0\u00bbTrainingcenter\u00ab ist zum archivieren gut geeignet jedoch fehlt dort der Rest. (Erstellung und Anpassung von Tracks)<\/p>\n<ul>\n<li><a href=\"http:\/\/www.openstreetmap.de\/\" target=\"_blank\">Open Street Map<\/a>s<\/li>\n<li><a href=\"http:\/\/www.opencyclemap.org\/\" target=\"_blank\">Open Street Maps for Cyling<\/a><\/li>\n<li><a href=\"http:\/\/wiki.openstreetmap.org\/wiki\/DE:All_in_one_Garmin_Map\" target=\"_blank\">Open Street Maps Wiki<\/a>\u00a0&#8211;<\/li>\n<li><a href=\"http:\/\/www.kompass.de\/online-karte.html\" target=\"_blank\">Kompass Karten<\/a><\/li>\n<\/ul>\n<p>Das Garmin 62s ist trotz allem ein Klasse Outdoor Navigationsger\u00e4t mit einigen Vorteilen die Smartphones oder andere GPS Ger\u00e4te nicht besitzen.<br \/>\nVorteile:<\/p>\n<ul>\n<li>lange Batterielaufzeiten bis \u00fcber 20h mit Lithium Batterien<\/li>\n<li>kurze Startzeiten sowie schnelle Positionierung<\/li>\n<li>Barometrischer H\u00f6henmesser und elektronischer Kompass<\/li>\n<li>Customer Maps<\/li>\n<li>f\u00fcr fast alle L\u00e4nder gibt es Kartenmaterial das jedoch sehr kostenintensiv ist !<\/li>\n<li>Kartenfile &#8211; Handling jetzt etwas besser als beim Vorg\u00e4nger<\/li>\n<\/ul>\n<p>Der Einsatz von kostenlosem Kartenmaterial macht dieses Ger\u00e4t noch effektiver, ich m\u00f6chte hier einige Tips &amp; Tricks einbinden und wichtige\u00a0Infosseiten aus dem WWW als Links auflisten.<\/p>\n<table border=\"0\" cellspacing=\"0\" cellpadding=\"0\">\n<tbody>\n<tr>\n<td valign=\"top\" width=\"256\">\u00a0<a href=\"http:\/\/www.gps-freeware.de\/\" target=\"_blank\">GPS-Track-Analyse.net<\/a><\/td>\n<td valign=\"top\" width=\"256\">\u00a0Freeware<\/td>\n<td valign=\"top\" width=\"256\">\u00a0sehr gutes Analyseprogramm, einbinden \u00a0einer Ordnerstruktur f\u00fcr Tracks, viele \u00a0Anpassungsm\u00f6glichkeiten<\/td>\n<\/tr>\n<tr>\n<td valign=\"top\" width=\"256\">\u00a0Touratech QV<\/td>\n<td valign=\"top\" width=\"256\">\u00a0hochpreisige aber hochwertige<br \/>\nSoftware<\/td>\n<td valign=\"top\" width=\"256\">\u00a0Konvertierung von Karten aus anderen \u00a0Formaten f\u00fcr GARMIN Customer Maps<\/td>\n<\/tr>\n<tr>\n<td valign=\"top\" width=\"256\">\u00a0<a href=\"http:\/\/www.routeconverter.com\/\" target=\"_blank\">Routeconverter<\/a><\/td>\n<td valign=\"top\" width=\"256\">\u00a0Freeware<\/td>\n<td valign=\"top\" width=\"256\">\u00a0sehr gutes Allrounderprogramm, \u00a0Konvertieren und Analysieren via Google, \u00a0OSM oder andere<\/td>\n<\/tr>\n<tr>\n<td valign=\"top\" width=\"256\">\u00a0<a href=\"http:\/\/www.gpsinformation.org\/ronh\/g7towin.htm\" target=\"_blank\">G7toWin<\/a><\/td>\n<td valign=\"top\" width=\"256\">\u00a0Freeware<\/td>\n<td valign=\"top\" width=\"256\">\u00a0sehr gutes Analyseprogramm, sowie \u00a0Trackanpassung und Konvertierung<\/td>\n<\/tr>\n<tr>\n<td valign=\"top\" width=\"256\">\u00a0<a href=\"http:\/\/sourceforge.net\/projects\/viking\/\" target=\"_blank\">Viking GPS<\/a><\/td>\n<td valign=\"top\" width=\"256\">\u00a0Freeware<\/td>\n<td valign=\"top\" width=\"256\">\u00a0Allrounderprogramm<\/td>\n<\/tr>\n<tr>\n<td valign=\"top\" width=\"256\">\u00a0<a href=\"http:\/\/www.qlandkarte.org\/\" target=\"_blank\">QLandkarte GT\/M<\/a><\/td>\n<td valign=\"top\" width=\"256\">\u00a0Freeware<\/td>\n<td valign=\"top\" width=\"256\">\u00a0Allrounderprogramm<\/td>\n<\/tr>\n<tr>\n<td valign=\"top\" width=\"256\">\u00a0&#8230; weitere werden folgen !<\/td>\n<td valign=\"top\" width=\"256\"><\/td>\n<td valign=\"top\" width=\"256\"><\/td>\n<\/tr>\n<\/tbody>\n<\/table>\n<p>Bei <a href=\"http:\/\/www.trailtracks.de\/index.php\/how-to\/touratech-qv\/128-ttqv-rasterkarten-export-fuer-garmin-colorado-oregon-und-dakota-genannt-garmin-custom-maps\" target=\"_blank\">TrailTracks.de<\/a> gibt es einige sehr gute Informationen zum erzeugen von Rasterkarten f\u00fcr Garmin Ger\u00e4te. Bei\u00a0<a href=\"http:\/\/www.gpspassion.com\/forumsen\/topic.asp?TOPIC_ID=130525\" target=\"_blank\">GPSpassion.com<\/a> wurde eine Anleitung erstellt, wie man OZI Karten in KML Dateien umwandelt die dann von Garmin Ger\u00e4ten wieder gelesen werden k\u00f6nnen.<\/p>\n","protected":false},"excerpt":{"rendered":"<p>Seit einigen Jahren besch\u00e4ftige ich mit mit GPS &#8211; Global Position System. 2002 PDA Dell Axim x5 mit Haicom CF GPS Modul Outdoor Navigation via OZI Explorer und Stra\u00dfennavigation von Navigon 2008 Smartphone Sony Xperia X1 mit integriertem GPS \u00a0OZI &hellip; <a href=\"https:\/\/www.jens-oerter.de\/new_vis\/jo\/hobby\/outdoor-%c2%bbgps%c2%ab\/\">Weiterlesen <span class=\"meta-nav\">&rarr;<\/span><\/a><\/p>\n","protected":false},"author":2,"featured_media":0,"parent":132,"menu_order":0,"comment_status":"open","ping_status":"open","template":"","meta":{"ngg_post_thumbnail":0,"footnotes":""},"class_list":["post-1930","page","type-page","status-publish","hentry"],"aioseo_notices":[],"_links":{"self":[{"href":"https:\/\/www.jens-oerter.de\/new_vis\/jo\/wp-json\/wp\/v2\/pages\/1930","targetHints":{"allow":["GET"]}}],"collection":[{"href":"https:\/\/www.jens-oerter.de\/new_vis\/jo\/wp-json\/wp\/v2\/pages"}],"about":[{"href":"https:\/\/www.jens-oerter.de\/new_vis\/jo\/wp-json\/wp\/v2\/types\/page"}],"author":[{"embeddable":true,"href":"https:\/\/www.jens-oerter.de\/new_vis\/jo\/wp-json\/wp\/v2\/users\/2"}],"replies":[{"embeddable":true,"href":"https:\/\/www.jens-oerter.de\/new_vis\/jo\/wp-json\/wp\/v2\/comments?post=1930"}],"version-history":[{"count":0,"href":"https:\/\/www.jens-oerter.de\/new_vis\/jo\/wp-json\/wp\/v2\/pages\/1930\/revisions"}],"up":[{"embeddable":true,"href":"https:\/\/www.jens-oerter.de\/new_vis\/jo\/wp-json\/wp\/v2\/pages\/132"}],"wp:attachment":[{"href":"https:\/\/www.jens-oerter.de\/new_vis\/jo\/wp-json\/wp\/v2\/media?parent=1930"}],"curies":[{"name":"wp","href":"https:\/\/api.w.org\/{rel}","templated":true}]}}