{"id":2,"date":"2009-01-31T20:11:43","date_gmt":"2009-01-31T19:11:43","guid":{"rendered":"http:\/\/localhost\/new_vis\/wp\/?page_id=2"},"modified":"2025-04-30T13:08:18","modified_gmt":"2025-04-30T12:08:18","slug":"ueber-mich","status":"publish","type":"page","link":"https:\/\/www.jens-oerter.de\/new_vis\/jo\/ueber-mich\/","title":{"rendered":"\u00dcber"},"content":{"rendered":"<p><strong>Hier einen kleinen \u00dcberblick zu meiner Person<\/strong><\/p>\n<table style=\"height: 401px;\" border=\"0\" width=\"617\">\n<tbody>\n<tr>\n<td valign=\"top\" height=\"152\">\n<div><strong>Alter:<\/strong><\/div>\n<\/td>\n<td valign=\"top\">\n<div>51 Jahre (Bj 1972)<\/div>\n<\/td>\n<td valign=\"top\">\n<div>&nbsp;<\/div>\n<p><div style=\"width: 210px\" class=\"wp-caption alignnone\"><img loading=\"lazy\" decoding=\"async\" title=\"Jens\" src=\"\/new_vis\/allg_pics\/jens.jpg\" alt=\"Jens\" width=\"200\" height=\"150\"><p class=\"wp-caption-text\">Jens<\/p><\/div><\/td>\n<\/tr>\n<tr>\n<td valign=\"top\" width=\"98\" height=\"21\"><strong>Familienstand:<\/strong><\/td>\n<td valign=\"top\" width=\"229\">verheiratet<\/td>\n<td valign=\"top\" width=\"276\">&nbsp;<\/td>\n<\/tr>\n<tr>\n<td valign=\"top\" height=\"21\"><strong>Sport: <\/strong><\/td>\n<td colspan=\"2\" valign=\"top\">Wander, Klettern und Bergsteigen sowie Ski und Skitouren&nbsp;Mountainbike, Fitness, Laufen<\/td>\n<\/tr>\n<tr>\n<td valign=\"top\" height=\"40\"><strong>Hobby:<\/strong><\/td>\n<td valign=\"top\">Computerfreak &#8222;<a title=\"Freak\" href=\"http:\/\/www.jens-oerter.de\/new_vis\/jo\/?page_id=16\">Was ist ein Freak ?<\/a>&#8222;<\/td>\n<td valign=\"top\">Programmierung\/Webdesign&nbsp;Security<\/td>\n<\/tr>\n<tr>\n<td valign=\"top\" height=\"21\">&nbsp;<\/td>\n<td valign=\"top\">Fotografie (siehe Hobby\/Foto)<\/td>\n<td valign=\"top\">Panorama &amp; Landschaft Bergfotografie, Natur und Macro<\/td>\n<\/tr>\n<tr>\n<td valign=\"top\" height=\"21\">&nbsp;<\/td>\n<td valign=\"top\">&nbsp;<\/td>\n<td valign=\"top\">&nbsp;<\/td>\n<\/tr>\n<tr>\n<td valign=\"top\" height=\"21\"><strong>Web<\/strong><\/td>\n<td colspan=\"2\" valign=\"top\">Ersterstellung der Homepage im Oktober 2000. Nach einiger Zeit voller Experimente in html, javascript und php mit mysql konnte ich in den laufenden Jahren einige neuen Releases ver\u00f6ffentlichen. Leider musste ich zwecks IT-Security mehrmals kleine Ab\u00e4nderungen der verschiedenen Scripte durchf\u00fchren. Als ein verwendetes CMS Tool eine Sicherheitsl\u00fccke aufwies, nutzte ich die Gunst der Stunde und stellte meine Seite auf WordPress um.<\/td>\n<\/tr>\n<tr>\n<td valign=\"top\" height=\"21\">&nbsp;<\/td>\n<td colspan=\"2\">&nbsp;<\/td>\n<\/tr>\n<\/tbody>\n<\/table>\n","protected":false},"excerpt":{"rendered":"<p>Hier einen kleinen \u00dcberblick zu meiner Person Alter: 51 Jahre (Bj 1972) &nbsp; Familienstand: verheiratet &nbsp; Sport: Wander, Klettern und Bergsteigen sowie Ski und Skitouren&nbsp;Mountainbike, Fitness, Laufen Hobby: Computerfreak &#8222;Was ist ein Freak ?&#8222; Programmierung\/Webdesign&nbsp;Security &nbsp; Fotografie (siehe Hobby\/Foto) Panorama &hellip; <a href=\"https:\/\/www.jens-oerter.de\/new_vis\/jo\/ueber-mich\/\">Weiterlesen <span class=\"meta-nav\">&rarr;<\/span><\/a><\/p>\n","protected":false},"author":2,"featured_media":0,"parent":0,"menu_order":2,"comment_status":"open","ping_status":"open","template":"","meta":{"ngg_post_thumbnail":0,"footnotes":""},"class_list":["post-2","page","type-page","status-publish","hentry"],"aioseo_notices":[],"_links":{"self":[{"href":"https:\/\/www.jens-oerter.de\/new_vis\/jo\/wp-json\/wp\/v2\/pages\/2","targetHints":{"allow":["GET"]}}],"collection":[{"href":"https:\/\/www.jens-oerter.de\/new_vis\/jo\/wp-json\/wp\/v2\/pages"}],"about":[{"href":"https:\/\/www.jens-oerter.de\/new_vis\/jo\/wp-json\/wp\/v2\/types\/page"}],"author":[{"embeddable":true,"href":"https:\/\/www.jens-oerter.de\/new_vis\/jo\/wp-json\/wp\/v2\/users\/2"}],"replies":[{"embeddable":true,"href":"https:\/\/www.jens-oerter.de\/new_vis\/jo\/wp-json\/wp\/v2\/comments?post=2"}],"version-history":[{"count":10,"href":"https:\/\/www.jens-oerter.de\/new_vis\/jo\/wp-json\/wp\/v2\/pages\/2\/revisions"}],"predecessor-version":[{"id":19065,"href":"https:\/\/www.jens-oerter.de\/new_vis\/jo\/wp-json\/wp\/v2\/pages\/2\/revisions\/19065"}],"wp:attachment":[{"href":"https:\/\/www.jens-oerter.de\/new_vis\/jo\/wp-json\/wp\/v2\/media?parent=2"}],"curies":[{"name":"wp","href":"https:\/\/api.w.org\/{rel}","templated":true}]}}