{"id":305,"date":"2009-03-29T21:20:43","date_gmt":"2009-03-29T20:20:43","guid":{"rendered":"http:\/\/www.jens-oerter.de\/new_vis\/jo\/?page_id=305"},"modified":"2018-05-22T19:42:26","modified_gmt":"2018-05-22T18:42:26","slug":"wandern-hiking-2","status":"publish","type":"page","link":"https:\/\/www.jens-oerter.de\/new_vis\/jo\/wandern-hiking-2\/","title":{"rendered":"Wandern {hik|ing}"},"content":{"rendered":"<table border=\"0\" width=\"630\">\n<tbody>\n<tr>\n<td class=\"arial_uebers1\" valign=\"top\" width=\"624\" height=\"971\">\n<div>\n<p class=\"arial_uebers1\" align=\"justify\">blauer Himmel &#8211; weisse Gletscher, kristallklare Luft, rauschende B\u00e4che und pfeifende Murmeltiere &#8230;<br \/>\noder<br \/>\neine scharfe Brise &#8211; einsame Seeen von Hochmooren umschlossen &#8211; verfallene Ruinen und ein kaltes Guinness&#8230;<\/p>\n<p>Diese Seite gibt Euch einige Einblicke in die Welt des Wanderns ( engl. hiking oder trekking ). Viele vor allem die j\u00fcngeren Leute denken : Wo gehts denn dieses Jahr in den Urlaub ? Antwort: nach Irland zum Wandern &#8211; Rekation : Wandern &#8211; bist Du denn schon Rentner &#8211; wir fahren nach Mallorca &#8222;abh\u00e4ngen und Party &#8222;.<\/p>\n<p>Ich sage dazu das ist nun mal der Unterschied Erholungsurlaub -:)) und Aktivurlaub. Mehr als eine Woche wie im Toaster still am Strand liegen ist nun mal nicht meine Art. Lieber drau\u00dfen im Gebirge bzw. an einem einsammen Steinkreis im Burren die frische Luft und das sch\u00f6ne Wetter geniessen, aber die Leute haben andere Interessen &#8211; das ist ja auch gut so sonst w\u00fcrden die auf der K\u00fcrsinger H\u00fctte eine neue &#8222;after hike party&#8220; veranstalten mit \u00fcber 1000 Personen ! Wer will das schon ?<\/p>\n<p>kleine Link Sammlung:<\/p>\n<table border=\"0\" width=\"624\">\n<tbody>\n<tr>\n<td class=\"arial_uebers1\" width=\"17\">&nbsp;<\/td>\n<td class=\"arial_uebers1\" width=\"129\"><a href=\"http:\/\/www.diealpen.at\" target=\"_blank\" rel=\"noopener\">diealpen.at<\/a><\/td>\n<td class=\"arial_uebers1\" width=\"328\">Informationen \u00fcber Gebirgsgruppen, Bilder und Beschreibungen \u00fcber Touren<\/td>\n<td class=\"arial_uebers1\" width=\"30\">\n<div><img loading=\"lazy\" decoding=\"async\" src=\"\/new_vis\/allg_pics\/icon_star.gif\" alt=\"\" width=\"16\" height=\"16\"><\/div>\n<\/td>\n<td class=\"arial_uebers1\" width=\"30\">\n<div><img loading=\"lazy\" decoding=\"async\" src=\"\/new_vis\/allg_pics\/icon_star.gif\" alt=\"\" width=\"16\" height=\"16\"><\/div>\n<\/td>\n<td class=\"arial_uebers1\" width=\"30\">\n<div><img loading=\"lazy\" decoding=\"async\" src=\"\/new_vis\/allg_pics\/icon_star.gif\" alt=\"\" width=\"16\" height=\"16\"><\/div>\n<\/td>\n<td class=\"arial_uebers1\" width=\"30\">\n<div><img loading=\"lazy\" decoding=\"async\" src=\"\/new_vis\/allg_pics\/icon_starg.gif\" alt=\"\" width=\"16\" height=\"16\"><\/div>\n<\/td>\n<\/tr>\n<tr>\n<td class=\"arial_uebers1\">&nbsp;<\/td>\n<td class=\"arial_uebers1\"><a href=\"http:\/\/www.alpen-panoramen.de\" target=\"_blank\" rel=\"noopener\">alpen-panoramen.de<\/a><br \/>\n<a href=\"http:\/\/www.panorama-photo.net\" target=\"_blank\" rel=\"noopener\">panorama-photo.net<\/a><br \/>\n<a href=\"http:\/\/www.alpin-koordinaten.de\" target=\"_blank\" rel=\"noopener\">alpin-koordinaten.de<\/a><br \/>\n<a href=\"http:\/\/www.4000er.de\" target=\"_blank\" rel=\"noopener\">4000er.de<\/a><\/td>\n<td class=\"arial_uebers1\">Bildergalerien, Toureninformationen, GPS Daten und Panoramafotographie<\/td>\n<td class=\"arial_uebers1\">\n<div><img loading=\"lazy\" decoding=\"async\" src=\"\/new_vis\/allg_pics\/icon_star.gif\" alt=\"\" width=\"16\" height=\"16\"><\/div>\n<\/td>\n<td class=\"arial_uebers1\">\n<div><img loading=\"lazy\" decoding=\"async\" src=\"\/new_vis\/allg_pics\/icon_star.gif\" alt=\"\" width=\"16\" height=\"16\"><\/div>\n<\/td>\n<td class=\"arial_uebers1\">\n<div><img loading=\"lazy\" decoding=\"async\" src=\"\/new_vis\/allg_pics\/icon_star.gif\" alt=\"\" width=\"16\" height=\"16\"><\/div>\n<\/td>\n<td class=\"arial_uebers1\">\n<div><img loading=\"lazy\" decoding=\"async\" src=\"\/new_vis\/allg_pics\/icon_star.gif\" alt=\"\" width=\"16\" height=\"16\"><\/div>\n<\/td>\n<\/tr>\n<tr>\n<td class=\"arial_uebers1\">&nbsp;<\/td>\n<td class=\"arial_uebers1\"><a href=\"http:\/\/www.gaehnchen.de\/\" target=\"_blank\" rel=\"noopener\">gaehnchen.de<\/a><\/td>\n<td class=\"arial_uebers1\">Tourenbeschreibungen und Bilder<\/td>\n<td class=\"arial_uebers1\">\n<div><img loading=\"lazy\" decoding=\"async\" src=\"\/new_vis\/allg_pics\/icon_star.gif\" alt=\"\" width=\"16\" height=\"16\"><\/div>\n<\/td>\n<td class=\"arial_uebers1\">\n<div><img loading=\"lazy\" decoding=\"async\" src=\"\/new_vis\/allg_pics\/icon_star.gif\" alt=\"\" width=\"16\" height=\"16\"><\/div>\n<\/td>\n<td class=\"arial_uebers1\">\n<div><img loading=\"lazy\" decoding=\"async\" src=\"\/new_vis\/allg_pics\/icon_starg.gif\" alt=\"\" width=\"16\" height=\"16\"><\/div>\n<\/td>\n<td class=\"arial_uebers1\">\n<div><img loading=\"lazy\" decoding=\"async\" src=\"\/new_vis\/allg_pics\/icon_starg.gif\" alt=\"\" width=\"16\" height=\"16\"><\/div>\n<\/td>\n<\/tr>\n<tr>\n<td class=\"arial_uebers1\">&nbsp;<\/td>\n<td class=\"arial_uebers1\"><a href=\"http:\/\/www.w-hillmer.de\/\" target=\"_blank\" rel=\"noopener\">w-hillmer.de<\/a><\/td>\n<td class=\"arial_uebers1\">Tourenbeschreibungen und Bilder<\/td>\n<td class=\"arial_uebers1\">\n<div><img loading=\"lazy\" decoding=\"async\" src=\"\/new_vis\/allg_pics\/icon_star.gif\" alt=\"\" width=\"16\" height=\"16\"><\/div>\n<\/td>\n<td class=\"arial_uebers1\">\n<div><img loading=\"lazy\" decoding=\"async\" src=\"\/new_vis\/allg_pics\/icon_star.gif\" alt=\"\" width=\"16\" height=\"16\"><\/div>\n<\/td>\n<td class=\"arial_uebers1\">\n<div><img loading=\"lazy\" decoding=\"async\" src=\"\/new_vis\/allg_pics\/icon_starg.gif\" alt=\"\" width=\"16\" height=\"16\"><\/div>\n<\/td>\n<td class=\"arial_uebers1\">\n<div><img loading=\"lazy\" decoding=\"async\" src=\"\/new_vis\/allg_pics\/icon_starg.gif\" alt=\"\" width=\"16\" height=\"16\"><\/div>\n<\/td>\n<\/tr>\n<tr>\n<td class=\"arial_uebers1\">&nbsp;<\/td>\n<td class=\"arial_uebers1\"><a href=\"http:\/\/www.steinmandl.de\/\" target=\"_blank\" rel=\"noopener\">steinmandl.de<\/a><\/td>\n<td class=\"arial_uebers1\">Tourenbeschreibungen und Bilder<\/td>\n<td class=\"arial_uebers1\">\n<div><img loading=\"lazy\" decoding=\"async\" src=\"\/new_vis\/allg_pics\/icon_star.gif\" alt=\"\" width=\"16\" height=\"16\"><\/div>\n<\/td>\n<td class=\"arial_uebers1\">\n<div><img loading=\"lazy\" decoding=\"async\" src=\"\/new_vis\/allg_pics\/icon_star.gif\" alt=\"\" width=\"16\" height=\"16\"><\/div>\n<\/td>\n<td class=\"arial_uebers1\">\n<div><img loading=\"lazy\" decoding=\"async\" src=\"\/new_vis\/allg_pics\/icon_starg.gif\" alt=\"\" width=\"16\" height=\"16\"><\/div>\n<\/td>\n<td class=\"arial_uebers1\">\n<div><img loading=\"lazy\" decoding=\"async\" src=\"\/new_vis\/allg_pics\/icon_starg.gif\" alt=\"\" width=\"16\" height=\"16\"><\/div>\n<\/td>\n<\/tr>\n<tr>\n<td class=\"arial_uebers1\">&nbsp;<\/td>\n<td class=\"arial_uebers1\"><a href=\"http:\/\/www.publish.at\" target=\"_blank\" rel=\"noopener\">publish.at<\/a><\/td>\n<td class=\"arial_uebers1\">\u00dcbersichtskarte beiund viele gute Informationen Rund um Bergtouren<\/td>\n<td class=\"arial_uebers1\">\n<div><img loading=\"lazy\" decoding=\"async\" src=\"\/new_vis\/allg_pics\/icon_star.gif\" alt=\"\" width=\"16\" height=\"16\"><\/div>\n<\/td>\n<td class=\"arial_uebers1\">\n<div><img loading=\"lazy\" decoding=\"async\" src=\"\/new_vis\/allg_pics\/icon_star.gif\" alt=\"\" width=\"16\" height=\"16\"><\/div>\n<\/td>\n<td class=\"arial_uebers1\">\n<div><img loading=\"lazy\" decoding=\"async\" src=\"\/new_vis\/allg_pics\/icon_starg.gif\" alt=\"\" width=\"16\" height=\"16\"><\/div>\n<\/td>\n<td class=\"arial_uebers1\">\n<div><img loading=\"lazy\" decoding=\"async\" src=\"\/new_vis\/allg_pics\/icon_starg.gif\" alt=\"\" width=\"16\" height=\"16\"><\/div>\n<\/td>\n<\/tr>\n<tr>\n<td class=\"arial_uebers1\">&nbsp;<\/td>\n<td class=\"arial_uebers1\">&nbsp;<\/td>\n<td class=\"arial_uebers1\">&nbsp;<\/td>\n<td class=\"arial_uebers1\">&nbsp;<\/td>\n<td class=\"arial_uebers1\">&nbsp;<\/td>\n<td class=\"arial_uebers1\">&nbsp;<\/td>\n<td class=\"arial_uebers1\">&nbsp;<\/td>\n<\/tr>\n<\/tbody>\n<\/table>\n<p align=\"left\">\nNEU ! Gebirgsgruppen Karte mit einigen Informationen (West und Zentralalpen)<br \/>\n<a href=\"\/new_vis\/html\/privat\/projekte\/web_alpen_slices\/new_alpen_1_03.htm\" target=\"_parent\"><img loading=\"lazy\" decoding=\"async\" src=\"\/new_vis\/allg_pics\/hiking\/web_alpen_klein.jpg\" alt=\"\" width=\"300\" height=\"134\" border=\"1\"><\/a><\/p>\n<p>NEU ! Satelliten Karte der Alpen zur Darstellung von Informationen &amp; Panoramabilden<br \/>\n<a href=\"\/new_vis\/html\/privat\/projekte\/new_satkarte.php\" target=\"_parent\"><img loading=\"lazy\" decoding=\"async\" src=\"\/new_vis\/allg_pics\/hiking\/klein_sat_alpen.jpg\" alt=\"\" width=\"150\" height=\"95\" border=\"1\"><\/a><br \/>\nzum Anzeigen der Links in der SAT Karte muss JAVA aktiviert sein<br \/>\nAlternative Auswahl: <a href=\"\/new_vis\/html\/privat\/projekte\/new_panobild_auswahl.php\" target=\"_parent\">Panorama DIREKT Auswahl Alpen<\/a><\/p>\n<p>NEU ! Satelliten Karte von Mitteleuropa zur Darstellung von Informationen &amp; Panoramabilden<br \/>\n<a href=\"\/new_vis\/html\/privat\/projekte\/new_satkarte_europa.php\" target=\"_parent\"><img loading=\"lazy\" decoding=\"async\" src=\"\/new_vis\/allg_pics\/hiking\/europe.jpg\" alt=\"\" width=\"150\" height=\"117\" border=\"1\"><\/a><br \/>\nzum Anzeigen der Links in der SAT Karte muss JAVA aktiviert sein<br \/>\n<span class=\"arial_uebersb1\">Alternative Auswahl<\/span>: <a href=\"\/new_vis\/html\/privat\/projekte\/new_panobild_auswahl.php\" target=\"_parent\">Panorama DIREKT Auswahl Europa <\/a><\/p>\n<p align=\"left\"><span class=\"arial_uebersb1\"><br \/>\nviel Spass<\/span><\/p>\n<\/div>\n<\/td>\n<\/tr>\n<\/tbody>\n<\/table>\n","protected":false},"excerpt":{"rendered":"<p>blauer Himmel &#8211; weisse Gletscher, kristallklare Luft, rauschende B\u00e4che und pfeifende Murmeltiere &#8230; oder eine scharfe Brise &#8211; einsame Seeen von Hochmooren umschlossen &#8211; verfallene Ruinen und ein kaltes Guinness&#8230; Diese Seite gibt Euch einige Einblicke in die Welt des &hellip; <a href=\"https:\/\/www.jens-oerter.de\/new_vis\/jo\/wandern-hiking-2\/\">Weiterlesen <span class=\"meta-nav\">&rarr;<\/span><\/a><\/p>\n","protected":false},"author":2,"featured_media":0,"parent":0,"menu_order":3,"comment_status":"open","ping_status":"open","template":"","meta":{"ngg_post_thumbnail":0,"footnotes":""},"class_list":["post-305","page","type-page","status-publish","hentry"],"aioseo_notices":[],"_links":{"self":[{"href":"https:\/\/www.jens-oerter.de\/new_vis\/jo\/wp-json\/wp\/v2\/pages\/305","targetHints":{"allow":["GET"]}}],"collection":[{"href":"https:\/\/www.jens-oerter.de\/new_vis\/jo\/wp-json\/wp\/v2\/pages"}],"about":[{"href":"https:\/\/www.jens-oerter.de\/new_vis\/jo\/wp-json\/wp\/v2\/types\/page"}],"author":[{"embeddable":true,"href":"https:\/\/www.jens-oerter.de\/new_vis\/jo\/wp-json\/wp\/v2\/users\/2"}],"replies":[{"embeddable":true,"href":"https:\/\/www.jens-oerter.de\/new_vis\/jo\/wp-json\/wp\/v2\/comments?post=305"}],"version-history":[{"count":0,"href":"https:\/\/www.jens-oerter.de\/new_vis\/jo\/wp-json\/wp\/v2\/pages\/305\/revisions"}],"wp:attachment":[{"href":"https:\/\/www.jens-oerter.de\/new_vis\/jo\/wp-json\/wp\/v2\/media?parent=305"}],"curies":[{"name":"wp","href":"https:\/\/api.w.org\/{rel}","templated":true}]}}