{"id":3104,"date":"2014-04-09T20:56:26","date_gmt":"2014-04-09T19:56:26","guid":{"rendered":"http:\/\/www.jens-oerter.de\/new_vis\/jo\/?page_id=3104"},"modified":"2022-10-18T14:12:46","modified_gmt":"2022-10-18T13:12:46","slug":"wetter-foto-webcam","status":"publish","type":"page","link":"https:\/\/www.jens-oerter.de\/new_vis\/jo\/projekte-2\/wetter-foto-webcam\/","title":{"rendered":"Wetter &#038; Cam"},"content":{"rendered":"<p>Die&nbsp;Wetterdaten Seite mit Messwerten meiner Wetterstation und der Homematic CCU2<\/p>\n<p><strong>Modell<\/strong>:<br \/>\nQuelle 1: TFA Dostmann Nexus inkl. Regenmessung, 4 Temperatur \/ Hydro Module und<br \/>\n<del>Windgeschwindigkeit \/ Windrichtung<\/del><\/p>\n<p>Quelle 2: Homematic CCU2 inkl. mehrerer Sensoren wie z.B. Lux Messung, Wetterstation Pro inkl. Regensensor, Regenmessung, Anemometer (Windgeschwinigkeit), Windrichtung, Sonnenscheindauer, Temperatur und Feuchte usw.<\/p>\n<p>Hinweis: Im Anemometer sitzt das Sendemodul. Ggfs. haben sich da nach kurzer Zeit Insekten eingenistet und das Modul kaputt gemacht. (Batterien waren innerhalb 14Tage leer). Im der neuen (ausgetauschten) Wetterstation habe ich eine Insektenschutzhaube \u00fcber das Modul gest\u00fclpt. Mal sehen ob das was bringt.&nbsp;<\/p>\n<p>Quelle 3: NodeMCU ESP8266 Feinstaubsensor SDS011&nbsp;<\/p>\n<p>Quelle 4: NodeMCU ESP8266 mit Ultraschallsensoren f\u00fcr eine Wasserstandsmessung in der Zisterne.<\/p>\n<p>Quelle 5. Ablufttemperaturmessung im Kamin \u00fcber einen ESP8266 inkl. Webserver, InfluxDB Anbindung und Display.<\/p>\n<p><del>Aufzeichnung: mehrere RoundRobin Datenbanken RRD<\/del><br \/>\n<del>Picture Generator: RRDTool 1.2x&nbsp;<br \/>\nWird nicht mehr unterst\u00fctzt, da der RASPI ausgefallen ist.<\/del><\/p>\n<p><b>Aktuelle Umstellung auf moderne&nbsp;Techniken<\/b><\/p>\n<p>Update 12.2019 neuer Barebone Server mit ausreichend Power f\u00fcr mehrere VM.<\/p>\n<ul>\n<li>InfluxDB&nbsp;<span style=\"font-weight: 300;\">(Time Series Database) <span style=\"color: #99cc00;\"><strong>[aktiv]<\/strong><\/span><\/span><\/li>\n<li><span style=\"font-weight: 300;\">Telegraf (Time Series Collector) <span style=\"color: #99cc00;\"><strong>[aktiv]<\/strong><\/span><\/span><\/li>\n<li><span style=\"font-weight: 300;\">Chronograf (InfluxDB Admin and Time Series Visualization) <span style=\"color: #99cc00;\"><strong>[aktiv]<\/strong><\/span><\/span><\/li>\n<li>Grafana&nbsp;<span style=\"font-weight: 300;\"><span style=\"font-weight: 300;\">(Time Series Visualization) <span style=\"color: #99cc00;\"><strong>[aktiv]<\/strong><\/span><\/span><\/span>&nbsp;<\/li>\n<\/ul>\n<p>Da die alte InfluxDB im Laufe der Zeit Probleme beim Schreiben auf die SDKarte hatte habe ich die Daten nicht in die neue DB \u00fcbernommen, um defekte Daten auszuschlie\u00dfen.<\/p>\n<ul>\n<li>Auswertung Temperatur (Innenraum, Au\u00dfentemperatur am Boden und Au\u00dfentemperatur in ca. 8m H\u00f6he, Kamerageh\u00e4use, RasPI@CPU)<\/li>\n<li>Windrichtung und Windgeschwindigkeit in 14m H\u00f6he<\/li>\n<li>Regensensor<\/li>\n<li>Luftdruck<\/li>\n<li>Lux Helligkeitsmessung Eingangsseite (Nord-Ost) und Hof (S\u00fcd-West)<\/li>\n<li>Feinstaubsensor PM10\u03bcg\/m\u00b3 sowie PM2.5\u03bcg\/m\u00b3&nbsp;<\/li>\n<li>F\u00fcllstandermittlung f\u00fcr Zisterne Abstand zur Wasseroberfl\u00e4che(cm)\/prozentualer F\u00fcllstand(100%)<\/li>\n<\/ul>\n<p>folgen werden in Kurze:<\/p>\n<ul>\n<li>Erweiterte Aufzeichnung \u00fcber einen l\u00e4ngeren Zeitraum<\/li>\n<li>mehr Details (feinere Aufl\u00f6sung) Umstellung <strong>aller<\/strong> Messwertdiagramme auf Grafana und InfluxDB<\/li>\n<li>Prognosen von yr.no<\/li>\n<li>aktuelle Wetterwarnungen<\/li>\n<\/ul>\n<p style=\"text-align: center;\"><a href=\"https:\/\/www.jens-oerter.de\/new_vis\/jo\/wp-content\/uploads\/2014\/04\/web_hausopen.jpg\" rel=\"https:\/\/www.jens-oerter.de\/new_vis\/jo\/wp-content\/uploads\/2014\/04\/web_hausopen.jpg\" rel=\"lightbox[3104]\"><img loading=\"lazy\" decoding=\"async\" class=\"alignleft wp-image-3114 size-thumbnail\" src=\"https:\/\/www.jens-oerter.de\/new_vis\/jo\/wp-content\/uploads\/2014\/04\/web_hausopen-300x234.jpg\" alt=\"web_hausopen\" width=\"300\" height=\"234\" srcset=\"https:\/\/www.jens-oerter.de\/new_vis\/jo\/wp-content\/uploads\/2014\/04\/web_hausopen-300x234.jpg 300w, https:\/\/www.jens-oerter.de\/new_vis\/jo\/wp-content\/uploads\/2014\/04\/web_hausopen-800x624.jpg 800w, https:\/\/www.jens-oerter.de\/new_vis\/jo\/wp-content\/uploads\/2014\/04\/web_hausopen-384x300.jpg 384w, https:\/\/www.jens-oerter.de\/new_vis\/jo\/wp-content\/uploads\/2014\/04\/web_hausopen.jpg 1000w\" sizes=\"auto, (max-width: 300px) 100vw, 300px\" \/><\/a><\/p>\n<p style=\"text-align: right;\"><a href=\"https:\/\/www.jens-oerter.de\/new_vis\/jo\/wp-content\/uploads\/2022\/03\/20220305_161337.jpg\" rel=\"lightbox[3104]\"><img loading=\"lazy\" decoding=\"async\" class=\"size-thumbnail wp-image-16748 alignleft\" src=\"https:\/\/www.jens-oerter.de\/new_vis\/jo\/wp-content\/uploads\/2022\/03\/20220305_161337-169x300.jpg\" alt=\"\" width=\"169\" height=\"300\" srcset=\"https:\/\/www.jens-oerter.de\/new_vis\/jo\/wp-content\/uploads\/2022\/03\/20220305_161337-169x300.jpg 169w, https:\/\/www.jens-oerter.de\/new_vis\/jo\/wp-content\/uploads\/2022\/03\/20220305_161337.jpg 405w\" sizes=\"auto, (max-width: 169px) 100vw, 169px\" \/><\/a><\/p>\n<p>&nbsp;<\/p>\n<p><a href=\"https:\/\/www.jens-oerter.de\/webcam\/wetter\/joeswetter_temp24.png\" rel=\"lightbox[3104]\"><img loading=\"lazy\" decoding=\"async\" class=\"alignnone\" src=\"https:\/\/www.jens-oerter.de\/webcam\/wetter\/joeswetter_temp24.png\" alt=\"\" width=\"698\" height=\"255\"><\/a><\/p>\n<p>&nbsp;<\/p>\n<p><a href=\"https:\/\/www.jens-oerter.de\/webcam\/wetter\/joeswetter_feuchte24.png\" rel=\"lightbox[3104]\"><img loading=\"lazy\" decoding=\"async\" class=\"alignnone\" src=\"https:\/\/www.jens-oerter.de\/webcam\/wetter\/joeswetter_feuchte24.png\" alt=\"\" width=\"698\" height=\"255\"><\/a><\/p>\n<p>&nbsp;<\/p>\n<p><a href=\"https:\/\/www.jens-oerter.de\/webcam\/wetter\/joeswetter_wind24.png\" rel=\"lightbox[3104]\"><img loading=\"lazy\" decoding=\"async\" class=\"alignnone\" src=\"https:\/\/www.jens-oerter.de\/webcam\/wetter\/joeswetter_wind24.png\" alt=\"\" width=\"698\" height=\"255\"><\/a><\/p>\n<p><a href=\"https:\/\/www.jens-oerter.de\/webcam\/wetter\/joeswetter_windw.png\" rel=\"lightbox[3104]\"><img loading=\"lazy\" decoding=\"async\" class=\"alignnone\" src=\"https:\/\/www.jens-oerter.de\/webcam\/wetter\/joeswetter_windw.png\" alt=\"\" width=\"698\" height=\"255\"><\/a><\/p>\n<p>&nbsp;<\/p>\n<p><img loading=\"lazy\" decoding=\"async\" class=\" alignnone\" src=\"https:\/\/www.jens-oerter.de\/webcam\/wetter\/joeswetter_ldruckw.png\" alt=\"\" width=\"698\" height=\"255\"><\/p>\n<p>&nbsp;<\/p>\n<p><a href=\"https:\/\/www.jens-oerter.de\/webcam\/wetter\/joeswetter_regenw.png\" rel=\"lightbox[3104]\"><img loading=\"lazy\" decoding=\"async\" class=\"alignnone\" src=\"https:\/\/www.jens-oerter.de\/webcam\/wetter\/joeswetter_regenw.png\" alt=\"\" width=\"698\" height=\"255\"><\/a><\/p>\n<p>&nbsp;<\/p>\n<p>&nbsp;<\/p>\n<p><a href=\"https:\/\/www.jens-oerter.de\/webcam\/wetter\/joeswetter_lux24.png\" rel=\"lightbox[3104]\"><img loading=\"lazy\" decoding=\"async\" class=\"alignnone\" src=\"https:\/\/www.jens-oerter.de\/webcam\/wetter\/joeswetter_lux24.png\" alt=\"\" width=\"698\" height=\"255\"><\/a><\/p>\n<p><img loading=\"lazy\" decoding=\"async\" class=\"alignnone size-large\" src=\"https:\/\/www.jens-oerter.de\/webcam\/wetter\/joeswetter_zisterne.png\" width=\"1000\" height=\"500\"><\/p>\n<p>&nbsp;<\/p>\n<p>&nbsp;<\/p>\n<p>Hier meine Sensoren als grafische Darstellung \u00fcber Grafana und InfluxDB generiert. (<em>Parallel werden die Daten zum OK Lab Stuttgarts \u00fcbertragen)<\/em><br \/>\n<em>Upload bei mir zyklisch alle 10min, Zeitangaben sind UTC (Sommerzeit +2h, Winterzeit +1h)<\/em><br \/>\n<a href=\"https:\/\/www.jens-oerter.de\/webcam\/wetter\/joesfeinstaubsensor_p25.png\" rel=\"lightbox[3104]\"><img loading=\"lazy\" decoding=\"async\" class=\"alignnone\" src=\"https:\/\/www.jens-oerter.de\/webcam\/wetter\/joesfeinstaubsensor_p25.png\" alt=\"\" width=\"800\" height=\"400\"><\/a><br \/>\n<a href=\"https:\/\/www.jens-oerter.de\/webcam\/wetter\/joesfeinstaubsensor_p10.png\" rel=\"lightbox[3104]\"><img loading=\"lazy\" decoding=\"async\" class=\"alignnone\" src=\"https:\/\/www.jens-oerter.de\/webcam\/wetter\/joesfeinstaubsensor_p10.png\" alt=\"\" width=\"800\" height=\"400\"><\/a><br \/>\n&nbsp;<em>Grafische Ansicht auf der&nbsp;<\/em><strong><a href=\"http:\/\/siegen.maps.luftdaten.info\/\" target=\"_blank\" rel=\"noopener noreferrer\">\u00dcbersichtskarte<\/a>&nbsp;<\/strong>beim OK Lab Stuttgart.<\/p>\n","protected":false},"excerpt":{"rendered":"<p>Die&nbsp;Wetterdaten Seite mit Messwerten meiner Wetterstation und der Homematic CCU2 Modell: Quelle 1: TFA Dostmann Nexus inkl. Regenmessung, 4 Temperatur \/ Hydro Module und Windgeschwindigkeit \/ Windrichtung Quelle 2: Homematic CCU2 inkl. mehrerer Sensoren wie z.B. Lux Messung, Wetterstation Pro &hellip; <a href=\"https:\/\/www.jens-oerter.de\/new_vis\/jo\/projekte-2\/wetter-foto-webcam\/\">Weiterlesen <span class=\"meta-nav\">&rarr;<\/span><\/a><\/p>\n","protected":false},"author":2,"featured_media":0,"parent":4277,"menu_order":5,"comment_status":"open","ping_status":"open","template":"","meta":{"ngg_post_thumbnail":0,"footnotes":""},"class_list":["post-3104","page","type-page","status-publish","hentry"],"aioseo_notices":[],"_links":{"self":[{"href":"https:\/\/www.jens-oerter.de\/new_vis\/jo\/wp-json\/wp\/v2\/pages\/3104","targetHints":{"allow":["GET"]}}],"collection":[{"href":"https:\/\/www.jens-oerter.de\/new_vis\/jo\/wp-json\/wp\/v2\/pages"}],"about":[{"href":"https:\/\/www.jens-oerter.de\/new_vis\/jo\/wp-json\/wp\/v2\/types\/page"}],"author":[{"embeddable":true,"href":"https:\/\/www.jens-oerter.de\/new_vis\/jo\/wp-json\/wp\/v2\/users\/2"}],"replies":[{"embeddable":true,"href":"https:\/\/www.jens-oerter.de\/new_vis\/jo\/wp-json\/wp\/v2\/comments?post=3104"}],"version-history":[{"count":7,"href":"https:\/\/www.jens-oerter.de\/new_vis\/jo\/wp-json\/wp\/v2\/pages\/3104\/revisions"}],"predecessor-version":[{"id":16979,"href":"https:\/\/www.jens-oerter.de\/new_vis\/jo\/wp-json\/wp\/v2\/pages\/3104\/revisions\/16979"}],"up":[{"embeddable":true,"href":"https:\/\/www.jens-oerter.de\/new_vis\/jo\/wp-json\/wp\/v2\/pages\/4277"}],"wp:attachment":[{"href":"https:\/\/www.jens-oerter.de\/new_vis\/jo\/wp-json\/wp\/v2\/media?parent=3104"}],"curies":[{"name":"wp","href":"https:\/\/api.w.org\/{rel}","templated":true}]}}